{"id":151,"date":"2023-01-31T08:56:49","date_gmt":"2023-01-31T08:56:49","guid":{"rendered":"https:\/\/patr928h.aspitcloud.dk\/first\/?post_type=product&#038;p=151"},"modified":"2023-02-03T10:17:15","modified_gmt":"2023-02-03T10:17:15","slug":"spindelvaevsgel-guld","status":"publish","type":"product","link":"https:\/\/patr928h.aspitcloud.dk\/index.php\/product\/spindelvaevsgel-guld\/","title":{"rendered":"Spindelv\u00e6vsgel Guld"},"content":{"rendered":"<p>Spindev\u00e6vsgel er nem at bruge til smuk og sp\u00e6ndende nail art. Brug den alene for en klassisk og elegant effekt eller sammen med andre nail art effekter (forestil dig den ovenp\u00e5 glitter pigmenter &#8211; wow!).<\/p>\n<p>Spindev\u00e6vsgel kan bruges ovenp\u00e5 gellak (ikke monophase), gele, polyflexi og akrylnegle og skal h\u00e6rde i UV eller LED lampe. Se h\u00e6rdetider l\u00e6ngere nede.<\/p>\n<p>Geleen efterlader sticky layer hvilket g\u00f8r det muligt at l\u00e6gge glitter i geleen eller bruge transferfolie ovenp\u00e5.<\/p>\n<p>Konsistensen er t\u00e6t og gummiagtig, hvilket g\u00f8r det muligt at tr\u00e6kke den henover neglen. Du skal derfor ikke pensle den p\u00e5.<\/p>\n<p><strong>S\u00e5dan g\u00f8r du:<\/strong><\/p>\n<ul>\n<li>Geleen p\u00e5f\u00f8res p\u00e5 dine n\u00e6sten f\u00e6rdige negle inden top coaten<\/li>\n<li>Brug en nail art pensel til at tage geleen fra krukken og tr\u00e6k geleen henover neglen uden at penslen r\u00f8rer ved neglen<\/li>\n<li>H\u00e6rd i UV eller LED lampe. Vil du p\u00e5f\u00f8re glitter i geleen eller bruge transferfolie ovenp\u00e5, er det nu<\/li>\n<li>P\u00e5f\u00f8r UV\/LED top coat der passer til det system du bruger og h\u00e6rd i lampe.<\/li>\n<\/ul>\n","protected":false},"excerpt":{"rendered":"<p>Spindev\u00e6vsgel er nem at bruge til smuk og sp\u00e6ndende nail art. Brug den alene for en klassisk og elegant effekt eller sammen med andre nail art effekter (forestil dig den ovenp\u00e5 glitter pigmenter &#8211; wow!).<\/p>\n","protected":false},"featured_media":152,"comment_status":"open","ping_status":"closed","template":"","meta":[],"product_cat":[22,27,36],"product_tag":[],"class_list":["post-151","product","type-product","status-publish","has-post-thumbnail","hentry","product_cat-gold","product_cat-linear-gel","product_cat-coating"],"yoast_head":"<!-- This site is optimized with the Yoast SEO plugin v20.1 - https:\/\/yoast.com\/wordpress\/plugins\/seo\/ -->\n<title>Spindelv\u00e6vsgel Guld - Webshop<\/title>\n<meta name=\"robots\" content=\"index, follow, max-snippet:-1, max-image-preview:large, max-video-preview:-1\" \/>\n<link rel=\"canonical\" href=\"https:\/\/patr928h.aspitcloud.dk\/index.php\/product\/spindelvaevsgel-guld\/\" \/>\n<meta property=\"og:locale\" content=\"en_US\" \/>\n<meta property=\"og:type\" content=\"article\" \/>\n<meta property=\"og:title\" content=\"Spindelv\u00e6vsgel Guld - Webshop\" \/>\n<meta property=\"og:description\" content=\"Spindev\u00e6vsgel er nem at bruge til smuk og sp\u00e6ndende nail art. Brug den alene for en klassisk og elegant effekt eller sammen med andre nail art effekter (forestil dig den ovenp\u00e5 glitter pigmenter - wow!).\" \/>\n<meta property=\"og:url\" content=\"https:\/\/patr928h.aspitcloud.dk\/index.php\/product\/spindelvaevsgel-guld\/\" \/>\n<meta property=\"og:site_name\" content=\"Webshop\" \/>\n<meta property=\"article:modified_time\" content=\"2023-02-03T10:17:15+00:00\" \/>\n<meta property=\"og:image\" content=\"https:\/\/patr928h.aspitcloud.dk\/wp-content\/uploads\/2023\/01\/NR-spindelvaevsgel-guld.jpg\" \/>\n\t<meta property=\"og:image:width\" content=\"2481\" \/>\n\t<meta property=\"og:image:height\" content=\"2484\" \/>\n\t<meta property=\"og:image:type\" content=\"image\/jpeg\" \/>\n<meta name=\"twitter:card\" content=\"summary_large_image\" \/>\n<meta name=\"twitter:label1\" content=\"Est. reading time\" \/>\n\t<meta name=\"twitter:data1\" content=\"1 minute\" \/>\n<script type=\"application\/ld+json\" class=\"yoast-schema-graph\">{\"@context\":\"https:\/\/schema.org\",\"@graph\":[{\"@type\":\"WebPage\",\"@id\":\"https:\/\/patr928h.aspitcloud.dk\/index.php\/product\/spindelvaevsgel-guld\/\",\"url\":\"https:\/\/patr928h.aspitcloud.dk\/index.php\/product\/spindelvaevsgel-guld\/\",\"name\":\"Spindelv\u00e6vsgel Guld - Webshop\",\"isPartOf\":{\"@id\":\"https:\/\/patr928h.aspitcloud.dk\/#website\"},\"datePublished\":\"2023-01-31T08:56:49+00:00\",\"dateModified\":\"2023-02-03T10:17:15+00:00\",\"breadcrumb\":{\"@id\":\"https:\/\/patr928h.aspitcloud.dk\/index.php\/product\/spindelvaevsgel-guld\/#breadcrumb\"},\"inLanguage\":\"en-US\",\"potentialAction\":[{\"@type\":\"ReadAction\",\"target\":[\"https:\/\/patr928h.aspitcloud.dk\/index.php\/product\/spindelvaevsgel-guld\/\"]}]},{\"@type\":\"BreadcrumbList\",\"@id\":\"https:\/\/patr928h.aspitcloud.dk\/index.php\/product\/spindelvaevsgel-guld\/#breadcrumb\",\"itemListElement\":[{\"@type\":\"ListItem\",\"position\":1,\"name\":\"Home\",\"item\":\"https:\/\/patr928h.aspitcloud.dk\/\"},{\"@type\":\"ListItem\",\"position\":2,\"name\":\"Shop\",\"item\":\"https:\/\/patr928h.aspitcloud.dk\/index.php\/shop\/\"},{\"@type\":\"ListItem\",\"position\":3,\"name\":\"Spindelv\u00e6vsgel Guld\"}]},{\"@type\":\"WebSite\",\"@id\":\"https:\/\/patr928h.aspitcloud.dk\/#website\",\"url\":\"https:\/\/patr928h.aspitcloud.dk\/\",\"name\":\"Nastasia Nails\",\"description\":\"\",\"publisher\":{\"@id\":\"https:\/\/patr928h.aspitcloud.dk\/#organization\"},\"potentialAction\":[{\"@type\":\"SearchAction\",\"target\":{\"@type\":\"EntryPoint\",\"urlTemplate\":\"https:\/\/patr928h.aspitcloud.dk\/?s={search_term_string}\"},\"query-input\":\"required name=search_term_string\"}],\"inLanguage\":\"en-US\"},{\"@type\":\"Organization\",\"@id\":\"https:\/\/patr928h.aspitcloud.dk\/#organization\",\"name\":\"Nastasia Nails\",\"url\":\"https:\/\/patr928h.aspitcloud.dk\/\",\"logo\":{\"@type\":\"ImageObject\",\"inLanguage\":\"en-US\",\"@id\":\"https:\/\/patr928h.aspitcloud.dk\/#\/schema\/logo\/image\/\",\"url\":\"https:\/\/patr928h.aspitcloud.dk\/wp-content\/uploads\/2023\/02\/cropped-Nastasia-Nails-logo.png\",\"contentUrl\":\"https:\/\/patr928h.aspitcloud.dk\/wp-content\/uploads\/2023\/02\/cropped-Nastasia-Nails-logo.png\",\"width\":3297,\"height\":1899,\"caption\":\"Nastasia Nails\"},\"image\":{\"@id\":\"https:\/\/patr928h.aspitcloud.dk\/#\/schema\/logo\/image\/\"}}]}<\/script>\n<!-- \/ Yoast SEO plugin. -->","yoast_head_json":{"title":"Spindelv\u00e6vsgel Guld - Webshop","robots":{"index":"index","follow":"follow","max-snippet":"max-snippet:-1","max-image-preview":"max-image-preview:large","max-video-preview":"max-video-preview:-1"},"canonical":"https:\/\/patr928h.aspitcloud.dk\/index.php\/product\/spindelvaevsgel-guld\/","og_locale":"en_US","og_type":"article","og_title":"Spindelv\u00e6vsgel Guld - Webshop","og_description":"Spindev\u00e6vsgel er nem at bruge til smuk og sp\u00e6ndende nail art. Brug den alene for en klassisk og elegant effekt eller sammen med andre nail art effekter (forestil dig den ovenp\u00e5 glitter pigmenter - wow!).","og_url":"https:\/\/patr928h.aspitcloud.dk\/index.php\/product\/spindelvaevsgel-guld\/","og_site_name":"Webshop","article_modified_time":"2023-02-03T10:17:15+00:00","og_image":[{"width":2481,"height":2484,"url":"https:\/\/patr928h.aspitcloud.dk\/wp-content\/uploads\/2023\/01\/NR-spindelvaevsgel-guld.jpg","type":"image\/jpeg"}],"twitter_card":"summary_large_image","twitter_misc":{"Est. reading time":"1 minute"},"schema":{"@context":"https:\/\/schema.org","@graph":[{"@type":"WebPage","@id":"https:\/\/patr928h.aspitcloud.dk\/index.php\/product\/spindelvaevsgel-guld\/","url":"https:\/\/patr928h.aspitcloud.dk\/index.php\/product\/spindelvaevsgel-guld\/","name":"Spindelv\u00e6vsgel Guld - Webshop","isPartOf":{"@id":"https:\/\/patr928h.aspitcloud.dk\/#website"},"datePublished":"2023-01-31T08:56:49+00:00","dateModified":"2023-02-03T10:17:15+00:00","breadcrumb":{"@id":"https:\/\/patr928h.aspitcloud.dk\/index.php\/product\/spindelvaevsgel-guld\/#breadcrumb"},"inLanguage":"en-US","potentialAction":[{"@type":"ReadAction","target":["https:\/\/patr928h.aspitcloud.dk\/index.php\/product\/spindelvaevsgel-guld\/"]}]},{"@type":"BreadcrumbList","@id":"https:\/\/patr928h.aspitcloud.dk\/index.php\/product\/spindelvaevsgel-guld\/#breadcrumb","itemListElement":[{"@type":"ListItem","position":1,"name":"Home","item":"https:\/\/patr928h.aspitcloud.dk\/"},{"@type":"ListItem","position":2,"name":"Shop","item":"https:\/\/patr928h.aspitcloud.dk\/index.php\/shop\/"},{"@type":"ListItem","position":3,"name":"Spindelv\u00e6vsgel Guld"}]},{"@type":"WebSite","@id":"https:\/\/patr928h.aspitcloud.dk\/#website","url":"https:\/\/patr928h.aspitcloud.dk\/","name":"Nastasia Nails","description":"","publisher":{"@id":"https:\/\/patr928h.aspitcloud.dk\/#organization"},"potentialAction":[{"@type":"SearchAction","target":{"@type":"EntryPoint","urlTemplate":"https:\/\/patr928h.aspitcloud.dk\/?s={search_term_string}"},"query-input":"required name=search_term_string"}],"inLanguage":"en-US"},{"@type":"Organization","@id":"https:\/\/patr928h.aspitcloud.dk\/#organization","name":"Nastasia Nails","url":"https:\/\/patr928h.aspitcloud.dk\/","logo":{"@type":"ImageObject","inLanguage":"en-US","@id":"https:\/\/patr928h.aspitcloud.dk\/#\/schema\/logo\/image\/","url":"https:\/\/patr928h.aspitcloud.dk\/wp-content\/uploads\/2023\/02\/cropped-Nastasia-Nails-logo.png","contentUrl":"https:\/\/patr928h.aspitcloud.dk\/wp-content\/uploads\/2023\/02\/cropped-Nastasia-Nails-logo.png","width":3297,"height":1899,"caption":"Nastasia Nails"},"image":{"@id":"https:\/\/patr928h.aspitcloud.dk\/#\/schema\/logo\/image\/"}}]}},"_links":{"self":[{"href":"https:\/\/patr928h.aspitcloud.dk\/index.php\/wp-json\/wp\/v2\/product\/151","targetHints":{"allow":["GET"]}}],"collection":[{"href":"https:\/\/patr928h.aspitcloud.dk\/index.php\/wp-json\/wp\/v2\/product"}],"about":[{"href":"https:\/\/patr928h.aspitcloud.dk\/index.php\/wp-json\/wp\/v2\/types\/product"}],"replies":[{"embeddable":true,"href":"https:\/\/patr928h.aspitcloud.dk\/index.php\/wp-json\/wp\/v2\/comments?post=151"}],"wp:featuredmedia":[{"embeddable":true,"href":"https:\/\/patr928h.aspitcloud.dk\/index.php\/wp-json\/wp\/v2\/media\/152"}],"wp:attachment":[{"href":"https:\/\/patr928h.aspitcloud.dk\/index.php\/wp-json\/wp\/v2\/media?parent=151"}],"wp:term":[{"taxonomy":"product_cat","embeddable":true,"href":"https:\/\/patr928h.aspitcloud.dk\/index.php\/wp-json\/wp\/v2\/product_cat?post=151"},{"taxonomy":"product_tag","embeddable":true,"href":"https:\/\/patr928h.aspitcloud.dk\/index.php\/wp-json\/wp\/v2\/product_tag?post=151"}],"curies":[{"name":"wp","href":"https:\/\/api.w.org\/{rel}","templated":true}]}}